{"id":664,"date":"2021-03-08T13:01:56","date_gmt":"2021-03-08T16:01:56","guid":{"rendered":"https:\/\/grupopatria.com.br\/site\/?page_id=664"},"modified":"2025-07-14T13:28:23","modified_gmt":"2025-07-14T16:28:23","slug":"atuacao","status":"publish","type":"page","link":"https:\/\/grupopatria.com.br\/site\/atuacao\/","title":{"rendered":"Atua\u00e7\u00e3o"},"content":{"rendered":"\t\t<div data-elementor-type=\"wp-page\" data-elementor-id=\"664\" class=\"elementor elementor-664\">\n\t\t\t\t\t\t<section class=\"elementor-section elementor-top-section elementor-element elementor-element-565bcac elementor-section-boxed elementor-section-height-default elementor-section-height-default\" data-id=\"565bcac\" data-element_type=\"section\" data-e-type=\"section\" data-settings=\"{&quot;background_background&quot;:&quot;classic&quot;}\">\n\t\t\t\t\t\t<div class=\"elementor-container elementor-column-gap-default\">\n\t\t\t\t\t<div class=\"elementor-column elementor-col-50 elementor-top-column elementor-element elementor-element-e9f4c34\" data-id=\"e9f4c34\" data-element_type=\"column\" data-e-type=\"column\">\n\t\t\t<div class=\"elementor-widget-wrap elementor-element-populated\">\n\t\t\t\t\t\t<div class=\"elementor-element elementor-element-2fe54b2 elementor-widget elementor-widget-text-editor\" data-id=\"2fe54b2\" data-element_type=\"widget\" data-e-type=\"widget\" data-widget_type=\"text-editor.default\">\n\t\t\t\t<div class=\"elementor-widget-container\">\n\t\t\t\t\t\t\t\t\t<p>Confira onde nossas unidades est\u00e3o<\/p>\t\t\t\t\t\t\t\t<\/div>\n\t\t\t\t<\/div>\n\t\t\t\t<div class=\"elementor-element elementor-element-c4431e0 elementor-widget elementor-widget-text-editor\" data-id=\"c4431e0\" data-element_type=\"widget\" data-e-type=\"widget\" data-widget_type=\"text-editor.default\">\n\t\t\t\t<div class=\"elementor-widget-container\">\n\t\t\t\t\t\t\t\t\t<p>Nos orgulhamos por estarmos presentes e fazendo a diferen\u00e7a para cada um dos clientes atendidos<\/p>\t\t\t\t\t\t\t\t<\/div>\n\t\t\t\t<\/div>\n\t\t\t\t\t<\/div>\n\t\t<\/div>\n\t\t\t\t<div class=\"elementor-column elementor-col-50 elementor-top-column elementor-element elementor-element-bf13daa\" data-id=\"bf13daa\" data-element_type=\"column\" data-e-type=\"column\">\n\t\t\t<div class=\"elementor-widget-wrap\">\n\t\t\t\t\t\t\t<\/div>\n\t\t<\/div>\n\t\t\t\t\t<\/div>\n\t\t<\/section>\n\t\t\t\t<section class=\"elementor-section elementor-top-section elementor-element elementor-element-aec27e7 elementor-section-boxed elementor-section-height-default elementor-section-height-default\" data-id=\"aec27e7\" data-element_type=\"section\" data-e-type=\"section\">\n\t\t\t\t\t\t<div class=\"elementor-container elementor-column-gap-default\">\n\t\t\t\t\t<div class=\"elementor-column elementor-col-100 elementor-top-column elementor-element elementor-element-4ae7b8c\" data-id=\"4ae7b8c\" data-element_type=\"column\" data-e-type=\"column\">\n\t\t\t<div class=\"elementor-widget-wrap elementor-element-populated\">\n\t\t\t\t\t\t<section class=\"elementor-section elementor-inner-section elementor-element elementor-element-0e935fd elementor-section-boxed elementor-section-height-default elementor-section-height-default\" data-id=\"0e935fd\" data-element_type=\"section\" data-e-type=\"section\">\n\t\t\t\t\t\t<div class=\"elementor-container elementor-column-gap-default\">\n\t\t\t\t\t<div class=\"elementor-column elementor-col-33 elementor-inner-column elementor-element elementor-element-35b86ce\" data-id=\"35b86ce\" data-element_type=\"column\" data-e-type=\"column\">\n\t\t\t<div class=\"elementor-widget-wrap elementor-element-populated\">\n\t\t\t\t\t\t<div class=\"elementor-element elementor-element-c040878 elementor-widget elementor-widget-text-editor\" data-id=\"c040878\" data-element_type=\"widget\" data-e-type=\"widget\" data-widget_type=\"text-editor.default\">\n\t\t\t\t<div class=\"elementor-widget-container\">\n\t\t\t\t\t\t\t\t\t<p>A demanda por servi\u00e7os terceirizados de qualidade fez com que a P\u00c1TRIA ampliasse sua \u00e1rea de atua\u00e7\u00e3o, abrangendo todo o estado de Santa Catarina, criando estrat\u00e9gias espec\u00edficas e possuindo ger\u00eancia operacional nas cidades de Florian\u00f3polis-SC, Joinville-SC,\u00a0 Lages-SC, Blumenau-SC e no Rio Grande do Sul, Erechim-RS e Porto Alegre-RS, sempre possibilitando novas parcerias, agregando valores e experi\u00eancia a nossa empresa.<\/p>\t\t\t\t\t\t\t\t<\/div>\n\t\t\t\t<\/div>\n\t\t\t\t\t<\/div>\n\t\t<\/div>\n\t\t\t\t<div class=\"elementor-column elementor-col-33 elementor-inner-column elementor-element elementor-element-37f4ca1\" data-id=\"37f4ca1\" data-element_type=\"column\" data-e-type=\"column\">\n\t\t\t<div class=\"elementor-widget-wrap\">\n\t\t\t\t\t\t\t<\/div>\n\t\t<\/div>\n\t\t\t\t<div class=\"elementor-column elementor-col-33 elementor-inner-column elementor-element elementor-element-aeb313c\" data-id=\"aeb313c\" data-element_type=\"column\" data-e-type=\"column\">\n\t\t\t<div class=\"elementor-widget-wrap elementor-element-populated\">\n\t\t\t\t\t\t<div class=\"elementor-element elementor-element-f1c887d elementor-widget elementor-widget-text-editor\" data-id=\"f1c887d\" data-element_type=\"widget\" data-e-type=\"widget\" data-widget_type=\"text-editor.default\">\n\t\t\t\t<div class=\"elementor-widget-container\">\n\t\t\t\t\t\t\t\t\t<p>Com a credibilidade alcan\u00e7ada, estamos preparados para atender as expectativas do mercado propondo solu\u00e7\u00f5es integradas com servi\u00e7os e m\u00e3o-de-obra especializada.<\/p>\t\t\t\t\t\t\t\t<\/div>\n\t\t\t\t<\/div>\n\t\t\t\t\t<\/div>\n\t\t<\/div>\n\t\t\t\t\t<\/div>\n\t\t<\/section>\n\t\t\t\t\t<\/div>\n\t\t<\/div>\n\t\t\t\t\t<\/div>\n\t\t<\/section>\n\t\t\t\t<section class=\"elementor-section elementor-top-section elementor-element elementor-element-8e2db19 elementor-section-boxed elementor-section-height-default elementor-section-height-default\" data-id=\"8e2db19\" data-element_type=\"section\" data-e-type=\"section\">\n\t\t\t\t\t\t<div class=\"elementor-container elementor-column-gap-default\">\n\t\t\t\t\t<div class=\"elementor-column elementor-col-50 elementor-top-column elementor-element elementor-element-4c928d1\" data-id=\"4c928d1\" data-element_type=\"column\" data-e-type=\"column\" data-settings=\"{&quot;background_background&quot;:&quot;classic&quot;}\">\n\t\t\t<div class=\"elementor-widget-wrap elementor-element-populated\">\n\t\t\t\t\t\t<div class=\"elementor-element elementor-element-79916b1 elementor-widget elementor-widget-heading\" data-id=\"79916b1\" data-element_type=\"widget\" data-e-type=\"widget\" data-widget_type=\"heading.default\">\n\t\t\t\t<div class=\"elementor-widget-container\">\n\t\t\t\t\t<div class=\"elementor-heading-title elementor-size-default\">Conc\u00f3rdia -SC<\/div>\t\t\t\t<\/div>\n\t\t\t\t<\/div>\n\t\t\t\t<div class=\"elementor-element elementor-element-249e68f elementor-widget elementor-widget-text-editor\" data-id=\"249e68f\" data-element_type=\"widget\" data-e-type=\"widget\" data-widget_type=\"text-editor.default\">\n\t\t\t\t<div class=\"elementor-widget-container\">\n\t\t\t\t\t\t\t\t\t<p>49 3442.1998<\/p>\t\t\t\t\t\t\t\t<\/div>\n\t\t\t\t<\/div>\n\t\t\t\t\t<\/div>\n\t\t<\/div>\n\t\t\t\t<div class=\"elementor-column elementor-col-50 elementor-top-column elementor-element elementor-element-3379a4f\" data-id=\"3379a4f\" data-element_type=\"column\" data-e-type=\"column\" data-settings=\"{&quot;background_background&quot;:&quot;classic&quot;}\">\n\t\t\t<div class=\"elementor-widget-wrap elementor-element-populated\">\n\t\t\t\t\t\t<div class=\"elementor-element elementor-element-76705c3 elementor-widget elementor-widget-heading\" data-id=\"76705c3\" data-element_type=\"widget\" data-e-type=\"widget\" data-widget_type=\"heading.default\">\n\t\t\t\t<div class=\"elementor-widget-container\">\n\t\t\t\t\t<div class=\"elementor-heading-title elementor-size-default\">Lages -SC<\/div>\t\t\t\t<\/div>\n\t\t\t\t<\/div>\n\t\t\t\t<div class=\"elementor-element elementor-element-eb1f8f5 elementor-widget elementor-widget-text-editor\" data-id=\"eb1f8f5\" data-element_type=\"widget\" data-e-type=\"widget\" data-widget_type=\"text-editor.default\">\n\t\t\t\t<div class=\"elementor-widget-container\">\n\t\t\t\t\t\t\t\t\t<p>49 3442.1998<\/p>\t\t\t\t\t\t\t\t<\/div>\n\t\t\t\t<\/div>\n\t\t\t\t\t<\/div>\n\t\t<\/div>\n\t\t\t\t\t<\/div>\n\t\t<\/section>\n\t\t\t\t<section class=\"elementor-section elementor-top-section elementor-element elementor-element-5bd4af1 elementor-section-boxed elementor-section-height-default elementor-section-height-default\" data-id=\"5bd4af1\" data-element_type=\"section\" data-e-type=\"section\">\n\t\t\t\t\t\t<div class=\"elementor-container elementor-column-gap-default\">\n\t\t\t\t\t<div class=\"elementor-column elementor-col-50 elementor-top-column elementor-element elementor-element-3f82034\" data-id=\"3f82034\" data-element_type=\"column\" data-e-type=\"column\" data-settings=\"{&quot;background_background&quot;:&quot;classic&quot;}\">\n\t\t\t<div class=\"elementor-widget-wrap elementor-element-populated\">\n\t\t\t\t\t\t<div class=\"elementor-element elementor-element-9f9d40e elementor-widget elementor-widget-heading\" data-id=\"9f9d40e\" data-element_type=\"widget\" data-e-type=\"widget\" data-widget_type=\"heading.default\">\n\t\t\t\t<div class=\"elementor-widget-container\">\n\t\t\t\t\t<div class=\"elementor-heading-title elementor-size-default\">Blumenau -SC<\/div>\t\t\t\t<\/div>\n\t\t\t\t<\/div>\n\t\t\t\t<div class=\"elementor-element elementor-element-e22cd48 elementor-widget elementor-widget-text-editor\" data-id=\"e22cd48\" data-element_type=\"widget\" data-e-type=\"widget\" data-widget_type=\"text-editor.default\">\n\t\t\t\t<div class=\"elementor-widget-container\">\n\t\t\t\t\t\t\t\t\t<p>49 3442.1998<\/p>\t\t\t\t\t\t\t\t<\/div>\n\t\t\t\t<\/div>\n\t\t\t\t\t<\/div>\n\t\t<\/div>\n\t\t\t\t<div class=\"elementor-column elementor-col-50 elementor-top-column elementor-element elementor-element-e7b8c93\" data-id=\"e7b8c93\" data-element_type=\"column\" data-e-type=\"column\" data-settings=\"{&quot;background_background&quot;:&quot;classic&quot;}\">\n\t\t\t<div class=\"elementor-widget-wrap elementor-element-populated\">\n\t\t\t\t\t\t<div class=\"elementor-element elementor-element-183a323 elementor-widget elementor-widget-heading\" data-id=\"183a323\" data-element_type=\"widget\" data-e-type=\"widget\" data-widget_type=\"heading.default\">\n\t\t\t\t<div class=\"elementor-widget-container\">\n\t\t\t\t\t<div class=\"elementor-heading-title elementor-size-default\">Florian\u00f3polis -SC<\/div>\t\t\t\t<\/div>\n\t\t\t\t<\/div>\n\t\t\t\t<div class=\"elementor-element elementor-element-d90fbe4 elementor-widget elementor-widget-text-editor\" data-id=\"d90fbe4\" data-element_type=\"widget\" data-e-type=\"widget\" data-widget_type=\"text-editor.default\">\n\t\t\t\t<div class=\"elementor-widget-container\">\n\t\t\t\t\t\t\t\t\t<p>49 3442.1998<\/p>\t\t\t\t\t\t\t\t<\/div>\n\t\t\t\t<\/div>\n\t\t\t\t\t<\/div>\n\t\t<\/div>\n\t\t\t\t\t<\/div>\n\t\t<\/section>\n\t\t\t\t<section class=\"elementor-section elementor-top-section elementor-element elementor-element-c6b2906 elementor-section-boxed elementor-section-height-default elementor-section-height-default\" data-id=\"c6b2906\" data-element_type=\"section\" data-e-type=\"section\">\n\t\t\t\t\t\t<div class=\"elementor-container elementor-column-gap-default\">\n\t\t\t\t\t<div class=\"elementor-column elementor-col-33 elementor-top-column elementor-element elementor-element-d6823fd\" data-id=\"d6823fd\" data-element_type=\"column\" data-e-type=\"column\" data-settings=\"{&quot;background_background&quot;:&quot;classic&quot;}\">\n\t\t\t<div class=\"elementor-widget-wrap elementor-element-populated\">\n\t\t\t\t\t\t<div class=\"elementor-element elementor-element-019de90 elementor-widget elementor-widget-heading\" data-id=\"019de90\" data-element_type=\"widget\" data-e-type=\"widget\" data-widget_type=\"heading.default\">\n\t\t\t\t<div class=\"elementor-widget-container\">\n\t\t\t\t\t<div class=\"elementor-heading-title elementor-size-default\">Joinville -SC<\/div>\t\t\t\t<\/div>\n\t\t\t\t<\/div>\n\t\t\t\t<div class=\"elementor-element elementor-element-070ef9a elementor-widget elementor-widget-text-editor\" data-id=\"070ef9a\" data-element_type=\"widget\" data-e-type=\"widget\" data-widget_type=\"text-editor.default\">\n\t\t\t\t<div class=\"elementor-widget-container\">\n\t\t\t\t\t\t\t\t\t<p>49 3442.1998<\/p>\t\t\t\t\t\t\t\t<\/div>\n\t\t\t\t<\/div>\n\t\t\t\t\t<\/div>\n\t\t<\/div>\n\t\t\t\t<div class=\"elementor-column elementor-col-33 elementor-top-column elementor-element elementor-element-02927a0\" data-id=\"02927a0\" data-element_type=\"column\" data-e-type=\"column\" data-settings=\"{&quot;background_background&quot;:&quot;classic&quot;}\">\n\t\t\t<div class=\"elementor-widget-wrap elementor-element-populated\">\n\t\t\t\t\t\t<div class=\"elementor-element elementor-element-41897a8 elementor-widget elementor-widget-heading\" data-id=\"41897a8\" data-element_type=\"widget\" data-e-type=\"widget\" data-widget_type=\"heading.default\">\n\t\t\t\t<div class=\"elementor-widget-container\">\n\t\t\t\t\t<div class=\"elementor-heading-title elementor-size-default\">Erechim -RS<\/div>\t\t\t\t<\/div>\n\t\t\t\t<\/div>\n\t\t\t\t<div class=\"elementor-element elementor-element-dc7cdb3 elementor-widget elementor-widget-text-editor\" data-id=\"dc7cdb3\" data-element_type=\"widget\" data-e-type=\"widget\" data-widget_type=\"text-editor.default\">\n\t\t\t\t<div class=\"elementor-widget-container\">\n\t\t\t\t\t\t\t\t\t<p>49 3442.1998<\/p>\t\t\t\t\t\t\t\t<\/div>\n\t\t\t\t<\/div>\n\t\t\t\t\t<\/div>\n\t\t<\/div>\n\t\t\t\t<div class=\"elementor-column elementor-col-33 elementor-top-column elementor-element elementor-element-14f3ab1\" data-id=\"14f3ab1\" data-element_type=\"column\" data-e-type=\"column\" data-settings=\"{&quot;background_background&quot;:&quot;classic&quot;}\">\n\t\t\t<div class=\"elementor-widget-wrap elementor-element-populated\">\n\t\t\t\t\t\t<div class=\"elementor-element elementor-element-a52b04d elementor-widget elementor-widget-heading\" data-id=\"a52b04d\" data-element_type=\"widget\" data-e-type=\"widget\" data-widget_type=\"heading.default\">\n\t\t\t\t<div class=\"elementor-widget-container\">\n\t\t\t\t\t<div class=\"elementor-heading-title elementor-size-default\">Novo Hamburgo -RS<\/div>\t\t\t\t<\/div>\n\t\t\t\t<\/div>\n\t\t\t\t<div class=\"elementor-element elementor-element-9af5805 elementor-widget elementor-widget-text-editor\" data-id=\"9af5805\" data-element_type=\"widget\" data-e-type=\"widget\" data-widget_type=\"text-editor.default\">\n\t\t\t\t<div class=\"elementor-widget-container\">\n\t\t\t\t\t\t\t\t\t<p>49 3442.1998<br><\/p>\t\t\t\t\t\t\t\t<\/div>\n\t\t\t\t<\/div>\n\t\t\t\t\t<\/div>\n\t\t<\/div>\n\t\t\t\t\t<\/div>\n\t\t<\/section>\n\t\t\t\t<section class=\"elementor-section elementor-top-section elementor-element elementor-element-78be803 elementor-section-full_width elementor-section-height-default elementor-section-height-default\" data-id=\"78be803\" data-element_type=\"section\" data-e-type=\"section\">\n\t\t\t\t\t\t<div class=\"elementor-container elementor-column-gap-no\">\n\t\t\t\t\t<div class=\"elementor-column elementor-col-100 elementor-top-column elementor-element elementor-element-fd61b4f\" data-id=\"fd61b4f\" data-element_type=\"column\" data-e-type=\"column\">\n\t\t\t<div class=\"elementor-widget-wrap elementor-element-populated\">\n\t\t\t\t\t\t<div class=\"elementor-element elementor-element-065c910 elementor-widget elementor-widget-bdt-open-street-map\" data-id=\"065c910\" data-element_type=\"widget\" data-e-type=\"widget\" data-widget_type=\"bdt-open-street-map.default\">\n\t\t\t\t<div class=\"elementor-widget-container\">\n\t\t\t\t\t\t\t\t<div class=\"bdt-open-street-map\" style=\"width: auto; min-height: 400px;\" data-settings=\"{&quot;mapboxToken&quot;:&quot;&quot;,&quot;lat&quot;:&quot;-26.2625515&quot;,&quot;lng&quot;:&quot;-49.1017569&quot;,&quot;zoomControl&quot;:true,&quot;zoom&quot;:6}\" data-map_markers=\"[{&quot;lat&quot;:&quot;-26.2625515&quot;,&quot;lng&quot;:&quot;-49.1017569&quot;,&quot;title&quot;:&quot;Joinville - SC&quot;,&quot;iconUrl&quot;:&quot;https:\\\/\\\/grupopatria.com.br\\\/site\\\/wp-content\\\/uploads\\\/2021\\\/03\\\/pin_area.png&quot;,&quot;infoWindow&quot;:&quot;Joinville - SC&quot;},{&quot;lat&quot;:&quot;-27.2281395&quot;,&quot;lng&quot;:&quot;-52.0163449&quot;,&quot;title&quot;:&quot;Conc\\u00f3rdia - SC&quot;,&quot;iconUrl&quot;:&quot;https:\\\/\\\/grupopatria.com.br\\\/site\\\/wp-content\\\/uploads\\\/2021\\\/03\\\/pin_area.png&quot;,&quot;infoWindow&quot;:&quot;Conc\\u00f3rdia - SC&quot;},{&quot;lat&quot;:&quot;-27.5707056&quot;,&quot;lng&quot;:&quot;-48.7504607&quot;,&quot;title&quot;:&quot;Florian\\u00f3polis - SC&quot;,&quot;iconUrl&quot;:&quot;https:\\\/\\\/grupopatria.com.br\\\/site\\\/wp-content\\\/uploads\\\/2021\\\/03\\\/pin_area.png&quot;,&quot;infoWindow&quot;:&quot;Florian\\u00f3polis - SC&quot;},{&quot;lat&quot;:&quot;-27.8044601&quot;,&quot;lng&quot;:&quot;-50.3521784&quot;,&quot;title&quot;:&quot;Lages - SC&quot;,&quot;iconUrl&quot;:&quot;https:\\\/\\\/grupopatria.com.br\\\/site\\\/wp-content\\\/uploads\\\/2021\\\/03\\\/pin_area.png&quot;,&quot;infoWindow&quot;:&quot;Lages - SC&quot;},{&quot;lat&quot;:&quot;-26.8956051&quot;,&quot;lng&quot;:&quot;-49.0735988&quot;,&quot;title&quot;:&quot;Blumenau - SC&quot;,&quot;iconUrl&quot;:&quot;https:\\\/\\\/grupopatria.com.br\\\/site\\\/wp-content\\\/uploads\\\/2021\\\/03\\\/pin_area.png&quot;,&quot;infoWindow&quot;:&quot;Blumenau - SC&quot;},{&quot;lat&quot;:&quot;-27.6423397&quot;,&quot;lng&quot;:&quot;-52.2968576&quot;,&quot;title&quot;:&quot;Erechim - RS&quot;,&quot;iconUrl&quot;:&quot;https:\\\/\\\/grupopatria.com.br\\\/site\\\/wp-content\\\/uploads\\\/2021\\\/03\\\/pin_area.png&quot;,&quot;infoWindow&quot;:&quot;Erechim RS&quot;},{&quot;lat&quot;:&quot;-29.6907014&quot;,&quot;lng&quot;:&quot;-51.2013694&quot;,&quot;title&quot;:&quot;Novo Hamburgo - RS&quot;,&quot;iconUrl&quot;:&quot;https:\\\/\\\/grupopatria.com.br\\\/site\\\/wp-content\\\/uploads\\\/2021\\\/03\\\/pin_area.png&quot;,&quot;infoWindow&quot;:&quot;Porto Alegre RS&quot;}]\"><\/div>\n\t\t    \t\t\t\t<\/div>\n\t\t\t\t<\/div>\n\t\t\t\t\t<\/div>\n\t\t<\/div>\n\t\t\t\t\t<\/div>\n\t\t<\/section>\n\t\t\t\t<\/div>\n\t\t","protected":false},"excerpt":{"rendered":"<p>Confira onde nossas unidades est\u00e3o Nos orgulhamos por estarmos presentes e fazendo a diferen\u00e7a para cada um dos clientes atendidos A demanda [&hellip;]<\/p>\n","protected":false},"author":1,"featured_media":0,"parent":0,"menu_order":0,"comment_status":"closed","ping_status":"closed","template":"elementor_header_footer","meta":{"footnotes":""},"class_list":["post-664","page","type-page","status-publish","hentry"],"_links":{"self":[{"href":"https:\/\/grupopatria.com.br\/site\/wp-json\/wp\/v2\/pages\/664","targetHints":{"allow":["GET"]}}],"collection":[{"href":"https:\/\/grupopatria.com.br\/site\/wp-json\/wp\/v2\/pages"}],"about":[{"href":"https:\/\/grupopatria.com.br\/site\/wp-json\/wp\/v2\/types\/page"}],"author":[{"embeddable":true,"href":"https:\/\/grupopatria.com.br\/site\/wp-json\/wp\/v2\/users\/1"}],"replies":[{"embeddable":true,"href":"https:\/\/grupopatria.com.br\/site\/wp-json\/wp\/v2\/comments?post=664"}],"version-history":[{"count":133,"href":"https:\/\/grupopatria.com.br\/site\/wp-json\/wp\/v2\/pages\/664\/revisions"}],"predecessor-version":[{"id":2766,"href":"https:\/\/grupopatria.com.br\/site\/wp-json\/wp\/v2\/pages\/664\/revisions\/2766"}],"wp:attachment":[{"href":"https:\/\/grupopatria.com.br\/site\/wp-json\/wp\/v2\/media?parent=664"}],"curies":[{"name":"wp","href":"https:\/\/api.w.org\/{rel}","templated":true}]}}