{"id":674,"date":"2021-03-08T13:41:57","date_gmt":"2021-03-08T16:41:57","guid":{"rendered":"https:\/\/grupopatria.com.br\/site\/?page_id=674"},"modified":"2021-06-09T17:52:47","modified_gmt":"2021-06-09T20:52:47","slug":"limpeza-profissional","status":"publish","type":"page","link":"https:\/\/grupopatria.com.br\/site\/limpeza-profissional\/","title":{"rendered":"Limpeza profissional"},"content":{"rendered":"\t\t<div data-elementor-type=\"wp-page\" data-elementor-id=\"674\" class=\"elementor elementor-674\">\n\t\t\t\t\t\t<section class=\"elementor-section elementor-top-section elementor-element elementor-element-e953023 elementor-section-content-middle elementor-section-boxed elementor-section-height-default elementor-section-height-default\" data-id=\"e953023\" data-element_type=\"section\" data-e-type=\"section\" data-settings=\"{&quot;background_background&quot;:&quot;classic&quot;}\">\n\t\t\t\t\t\t<div class=\"elementor-container elementor-column-gap-default\">\n\t\t\t\t\t<div class=\"elementor-column elementor-col-50 elementor-top-column elementor-element elementor-element-94193ca\" data-id=\"94193ca\" data-element_type=\"column\" data-e-type=\"column\">\n\t\t\t<div class=\"elementor-widget-wrap elementor-element-populated\">\n\t\t\t\t\t\t<div class=\"elementor-element elementor-element-13b5147 titulo_limpeza_cel elementor-widget elementor-widget-text-editor\" data-id=\"13b5147\" data-element_type=\"widget\" data-e-type=\"widget\" data-widget_type=\"text-editor.default\">\n\t\t\t\t<div class=\"elementor-widget-container\">\n\t\t\t\t\t\t\t\t\t<p>Limpeza profissional<\/p>\t\t\t\t\t\t\t\t<\/div>\n\t\t\t\t<\/div>\n\t\t\t\t<div class=\"elementor-element elementor-element-0279e90 elementor-widget elementor-widget-text-editor\" data-id=\"0279e90\" data-element_type=\"widget\" data-e-type=\"widget\" data-widget_type=\"text-editor.default\">\n\t\t\t\t<div class=\"elementor-widget-container\">\n\t\t\t\t\t\t\t\t\t<p>Cada vez mais necess\u00e1ria, a limpeza e conserva\u00e7\u00e3o s\u00e3o essenciais para a imagem dos ambientes e bem estar dos seus ocupantes e visitantes<\/p>\t\t\t\t\t\t\t\t<\/div>\n\t\t\t\t<\/div>\n\t\t\t\t<div class=\"elementor-element elementor-element-93b385a elementor-widget elementor-widget-text-editor\" data-id=\"93b385a\" data-element_type=\"widget\" data-e-type=\"widget\" data-widget_type=\"text-editor.default\">\n\t\t\t\t<div class=\"elementor-widget-container\">\n\t\t\t\t\t\t\t\t\t<p>Cuidamos de tudo para voc\u00ea e facilitamos seu dia a dia<\/p>\t\t\t\t\t\t\t\t<\/div>\n\t\t\t\t<\/div>\n\t\t\t\t\t<\/div>\n\t\t<\/div>\n\t\t\t\t<div class=\"elementor-column elementor-col-50 elementor-top-column elementor-element elementor-element-ca887d5\" data-id=\"ca887d5\" data-element_type=\"column\" data-e-type=\"column\" data-settings=\"{&quot;background_background&quot;:&quot;gradient&quot;}\">\n\t\t\t<div class=\"elementor-widget-wrap elementor-element-populated\">\n\t\t\t\t\t\t<div class=\"elementor-element elementor-element-ef6ab2b elementor-widget elementor-widget-bdt-lottie-image\" data-id=\"ef6ab2b\" data-element_type=\"widget\" data-e-type=\"widget\" data-settings=\"{&quot;caption_source&quot;:&quot;none&quot;,&quot;lottie_start_point&quot;:{&quot;unit&quot;:&quot;%&quot;,&quot;size&quot;:&quot;0&quot;,&quot;sizes&quot;:[]},&quot;lottie_end_point&quot;:{&quot;unit&quot;:&quot;%&quot;,&quot;size&quot;:&quot;100&quot;,&quot;sizes&quot;:[]}}\" data-widget_type=\"bdt-lottie-image.default\">\n\t\t\t\t<div class=\"elementor-widget-container\">\n\t\t\t\t\t\n      <div class=\"bdt-lottie-image\">\n\n          \n                        <div id=\"bdt-lottie-ef6ab2b\" class=\"bdt-lottie-container\" data-settings=\"{&quot;loop&quot;:true,&quot;is_json_url&quot;:true,&quot;json_path&quot;:&quot;https:\\\/\\\/grupopatria.com.br\\\/site\\\/wp-content\\\/uploads\\\/2021\\\/04\\\/lf30_editor_ncmqomyc.json&quot;,&quot;json_code&quot;:&quot;&quot;,&quot;view_type&quot;:&quot;pageload&quot;,&quot;speed&quot;:&quot;1&quot;,&quot;play_action&quot;:&quot;autoplay&quot;,&quot;start_point&quot;:0,&quot;end_point&quot;:&quot;100&quot;,&quot;lottie_renderer&quot;:&quot;svg&quot;}\"><\/div>\n              \n            \n      <\/div>\n\n\n        \t\t\t\t<\/div>\n\t\t\t\t<\/div>\n\t\t\t\t\t<\/div>\n\t\t<\/div>\n\t\t\t\t\t<\/div>\n\t\t<\/section>\n\t\t\t\t<section class=\"elementor-section elementor-top-section elementor-element elementor-element-d59844a elementor-section-boxed elementor-section-height-default elementor-section-height-default\" data-id=\"d59844a\" data-element_type=\"section\" data-e-type=\"section\">\n\t\t\t\t\t\t<div class=\"elementor-container elementor-column-gap-default\">\n\t\t\t\t\t<div class=\"elementor-column elementor-col-50 elementor-top-column elementor-element elementor-element-291a962\" data-id=\"291a962\" data-element_type=\"column\" data-e-type=\"column\">\n\t\t\t<div class=\"elementor-widget-wrap elementor-element-populated\">\n\t\t\t\t\t\t<div class=\"elementor-element elementor-element-53c7e20 elementor-widget elementor-widget-text-editor\" data-id=\"53c7e20\" data-element_type=\"widget\" data-e-type=\"widget\" data-widget_type=\"text-editor.default\">\n\t\t\t\t<div class=\"elementor-widget-container\">\n\t\t\t\t\t\t\t\t\t<p>Ambientes limpos e higienizados contribuem para o bem-estar, a sa\u00fade e a seguran\u00e7a sanit\u00e1ria de seus ocupantes e visitantes.<\/p><p>Para a limpeza interna ou externa, manuten\u00e7\u00e3o ou conserva\u00e7\u00e3o dos ambientes, a utiliza\u00e7\u00e3o de modernos equipamentos e \u00f3timos produtos garantem agilidade e um servi\u00e7o de qualidade.<\/p>\t\t\t\t\t\t\t\t<\/div>\n\t\t\t\t<\/div>\n\t\t\t\t\t<\/div>\n\t\t<\/div>\n\t\t\t\t<div class=\"elementor-column elementor-col-50 elementor-top-column elementor-element elementor-element-a8773bc\" data-id=\"a8773bc\" data-element_type=\"column\" data-e-type=\"column\">\n\t\t\t<div class=\"elementor-widget-wrap elementor-element-populated\">\n\t\t\t\t\t\t<div class=\"elementor-element elementor-element-fd79b3e elementor-widget elementor-widget-text-editor\" data-id=\"fd79b3e\" data-element_type=\"widget\" data-e-type=\"widget\" data-widget_type=\"text-editor.default\">\n\t\t\t\t<div class=\"elementor-widget-container\">\n\t\t\t\t\t\t\t\t\t<p>Levando sempre em considera\u00e7\u00e3o as caracter\u00edsticas e necessidades de cada cliente, desenvolvemos e implantamos em conjunto os melhores servi\u00e7os e facilidades buscando a solu\u00e7\u00e3o mais adequada para cuidar da imagem de ambientes corporativos, shoppings, condom\u00ednios, academias, hospitais e in\u00fameros outros.<\/p>\t\t\t\t\t\t\t\t<\/div>\n\t\t\t\t<\/div>\n\t\t\t\t\t<\/div>\n\t\t<\/div>\n\t\t\t\t\t<\/div>\n\t\t<\/section>\n\t\t\t\t<section class=\"elementor-section elementor-top-section elementor-element elementor-element-c0004c1 elementor-section-boxed elementor-section-height-default elementor-section-height-default\" data-id=\"c0004c1\" data-element_type=\"section\" data-e-type=\"section\">\n\t\t\t\t\t\t<div class=\"elementor-container elementor-column-gap-default\">\n\t\t\t\t\t<div class=\"elementor-column elementor-col-100 elementor-top-column elementor-element elementor-element-2f19e68\" data-id=\"2f19e68\" data-element_type=\"column\" data-e-type=\"column\" data-settings=\"{&quot;background_background&quot;:&quot;classic&quot;}\">\n\t\t\t<div class=\"elementor-widget-wrap elementor-element-populated\">\n\t\t\t\t\t\t<section class=\"elementor-section elementor-inner-section elementor-element elementor-element-feef1e2 elementor-section-content-middle elementor-section-boxed elementor-section-height-default elementor-section-height-default\" data-id=\"feef1e2\" data-element_type=\"section\" data-e-type=\"section\">\n\t\t\t\t\t\t<div class=\"elementor-container elementor-column-gap-default\">\n\t\t\t\t\t<div class=\"elementor-column elementor-col-50 elementor-inner-column elementor-element elementor-element-08b4cfb\" data-id=\"08b4cfb\" data-element_type=\"column\" data-e-type=\"column\">\n\t\t\t<div class=\"elementor-widget-wrap elementor-element-populated\">\n\t\t\t\t\t\t<div class=\"elementor-element elementor-element-32d7247 elementor-widget elementor-widget-bdt-lottie-image\" data-id=\"32d7247\" data-element_type=\"widget\" data-e-type=\"widget\" data-settings=\"{&quot;caption_source&quot;:&quot;none&quot;,&quot;lottie_start_point&quot;:{&quot;unit&quot;:&quot;%&quot;,&quot;size&quot;:&quot;0&quot;,&quot;sizes&quot;:[]},&quot;lottie_end_point&quot;:{&quot;unit&quot;:&quot;%&quot;,&quot;size&quot;:&quot;100&quot;,&quot;sizes&quot;:[]}}\" data-widget_type=\"bdt-lottie-image.default\">\n\t\t\t\t<div class=\"elementor-widget-container\">\n\t\t\t\t\t\n      <div class=\"bdt-lottie-image\">\n\n          \n                        <div id=\"bdt-lottie-32d7247\" class=\"bdt-lottie-container\" data-settings=\"{&quot;loop&quot;:false,&quot;is_json_url&quot;:true,&quot;json_path&quot;:&quot;https:\\\/\\\/grupopatria.com.br\\\/site\\\/wp-content\\\/uploads\\\/2021\\\/04\\\/966-privacy-policy-outline-edited.json&quot;,&quot;json_code&quot;:&quot;&quot;,&quot;view_type&quot;:&quot;pageload&quot;,&quot;speed&quot;:&quot;1&quot;,&quot;play_action&quot;:&quot;autoplay&quot;,&quot;start_point&quot;:0,&quot;end_point&quot;:&quot;100&quot;,&quot;lottie_renderer&quot;:&quot;svg&quot;}\"><\/div>\n              \n            \n      <\/div>\n\n\n        \t\t\t\t<\/div>\n\t\t\t\t<\/div>\n\t\t\t\t\t<\/div>\n\t\t<\/div>\n\t\t\t\t<div class=\"elementor-column elementor-col-50 elementor-inner-column elementor-element elementor-element-c651211\" data-id=\"c651211\" data-element_type=\"column\" data-e-type=\"column\">\n\t\t\t<div class=\"elementor-widget-wrap elementor-element-populated\">\n\t\t\t\t\t\t<div class=\"elementor-element elementor-element-a38e347 elementor-widget elementor-widget-heading\" data-id=\"a38e347\" data-element_type=\"widget\" data-e-type=\"widget\" data-widget_type=\"heading.default\">\n\t\t\t\t<div class=\"elementor-widget-container\">\n\t\t\t\t\t<div class=\"elementor-heading-title elementor-size-default\">Enquanto voc\u00ea se dedica aos seus neg\u00f3cios, n\u00f3s colaboramos para que sua empresa ofere\u00e7a um ambiente agrad\u00e1vel e represente todo cuidado da sua gest\u00e3o<\/div>\t\t\t\t<\/div>\n\t\t\t\t<\/div>\n\t\t\t\t\t<\/div>\n\t\t<\/div>\n\t\t\t\t\t<\/div>\n\t\t<\/section>\n\t\t\t\t\t<\/div>\n\t\t<\/div>\n\t\t\t\t\t<\/div>\n\t\t<\/section>\n\t\t\t\t<section class=\"elementor-section elementor-top-section elementor-element elementor-element-30d1b7f elementor-section-boxed elementor-section-height-default elementor-section-height-default\" data-id=\"30d1b7f\" data-element_type=\"section\" data-e-type=\"section\">\n\t\t\t\t\t\t<div class=\"elementor-container elementor-column-gap-default\">\n\t\t\t\t\t<div class=\"elementor-column elementor-col-100 elementor-top-column elementor-element elementor-element-a1c63ea\" data-id=\"a1c63ea\" data-element_type=\"column\" data-e-type=\"column\">\n\t\t\t<div class=\"elementor-widget-wrap elementor-element-populated\">\n\t\t\t\t\t\t<div class=\"elementor-element elementor-element-c07230a elementor-widget elementor-widget-heading\" data-id=\"c07230a\" data-element_type=\"widget\" data-e-type=\"widget\" data-widget_type=\"heading.default\">\n\t\t\t\t<div class=\"elementor-widget-container\">\n\t\t\t\t\t<div class=\"elementor-heading-title elementor-size-default\">Ajudamos a cuidar da imagem da sua empresa<\/div>\t\t\t\t<\/div>\n\t\t\t\t<\/div>\n\t\t\t\t\t<\/div>\n\t\t<\/div>\n\t\t\t\t\t<\/div>\n\t\t<\/section>\n\t\t\t\t<section class=\"elementor-section elementor-top-section elementor-element elementor-element-15eb86e elementor-section-full_width elementor-section-height-default elementor-section-height-default\" data-id=\"15eb86e\" data-element_type=\"section\" data-e-type=\"section\">\n\t\t\t\t\t\t<div class=\"elementor-container elementor-column-gap-no\">\n\t\t\t\t\t<div class=\"elementor-column elementor-col-50 elementor-top-column elementor-element elementor-element-34263e6\" data-id=\"34263e6\" data-element_type=\"column\" data-e-type=\"column\">\n\t\t\t<div class=\"elementor-widget-wrap elementor-element-populated\">\n\t\t\t\t\t\t<section class=\"elementor-section elementor-inner-section elementor-element elementor-element-488ca8f elementor-section-content-middle elementor-section-boxed elementor-section-height-default elementor-section-height-default\" data-id=\"488ca8f\" data-element_type=\"section\" data-e-type=\"section\" data-settings=\"{&quot;background_background&quot;:&quot;classic&quot;}\">\n\t\t\t\t\t\t<div class=\"elementor-container elementor-column-gap-default\">\n\t\t\t\t\t<div class=\"elementor-column elementor-col-50 elementor-inner-column elementor-element elementor-element-63989a5\" data-id=\"63989a5\" data-element_type=\"column\" data-e-type=\"column\">\n\t\t\t<div class=\"elementor-widget-wrap elementor-element-populated\">\n\t\t\t\t\t\t<div class=\"elementor-element elementor-element-a834e8e elementor-widget elementor-widget-bdt-lottie-image\" data-id=\"a834e8e\" data-element_type=\"widget\" data-e-type=\"widget\" data-settings=\"{&quot;caption_source&quot;:&quot;none&quot;,&quot;lottie_start_point&quot;:{&quot;unit&quot;:&quot;%&quot;,&quot;size&quot;:&quot;0&quot;,&quot;sizes&quot;:[]},&quot;lottie_end_point&quot;:{&quot;unit&quot;:&quot;%&quot;,&quot;size&quot;:&quot;100&quot;,&quot;sizes&quot;:[]}}\" data-widget_type=\"bdt-lottie-image.default\">\n\t\t\t\t<div class=\"elementor-widget-container\">\n\t\t\t\t\t\n      <div class=\"bdt-lottie-image\">\n\n          \n                        <div id=\"bdt-lottie-a834e8e\" class=\"bdt-lottie-container\" data-settings=\"{&quot;loop&quot;:false,&quot;is_json_url&quot;:true,&quot;json_path&quot;:&quot;https:\\\/\\\/grupopatria.com.br\\\/site\\\/wp-content\\\/uploads\\\/2021\\\/04\\\/500-fingerprint-security-outline-edited.json&quot;,&quot;json_code&quot;:&quot;&quot;,&quot;view_type&quot;:&quot;pageload&quot;,&quot;speed&quot;:&quot;1&quot;,&quot;play_action&quot;:&quot;autoplay&quot;,&quot;start_point&quot;:0,&quot;end_point&quot;:&quot;100&quot;,&quot;lottie_renderer&quot;:&quot;svg&quot;}\"><\/div>\n              \n            \n      <\/div>\n\n\n        \t\t\t\t<\/div>\n\t\t\t\t<\/div>\n\t\t\t\t\t<\/div>\n\t\t<\/div>\n\t\t\t\t<div class=\"elementor-column elementor-col-50 elementor-inner-column elementor-element elementor-element-99b2616\" data-id=\"99b2616\" data-element_type=\"column\" data-e-type=\"column\">\n\t\t\t<div class=\"elementor-widget-wrap elementor-element-populated\">\n\t\t\t\t\t\t<div class=\"elementor-element elementor-element-208a146 elementor-widget elementor-widget-text-editor\" data-id=\"208a146\" data-element_type=\"widget\" data-e-type=\"widget\" data-widget_type=\"text-editor.default\">\n\t\t\t\t<div class=\"elementor-widget-container\">\n\t\t\t\t\t\t\t\t\t<p>Um empresa especializada, que pode oferecer toda expertise para encontrar a melhor op\u00e7\u00e3o para manter o seu ambiente limpo e seguro<\/p>\t\t\t\t\t\t\t\t<\/div>\n\t\t\t\t<\/div>\n\t\t\t\t\t<\/div>\n\t\t<\/div>\n\t\t\t\t\t<\/div>\n\t\t<\/section>\n\t\t\t\t<section class=\"elementor-section elementor-inner-section elementor-element elementor-element-319bd27 elementor-section-content-middle elementor-section-boxed elementor-section-height-default elementor-section-height-default\" data-id=\"319bd27\" data-element_type=\"section\" data-e-type=\"section\" data-settings=\"{&quot;background_background&quot;:&quot;classic&quot;}\">\n\t\t\t\t\t\t<div class=\"elementor-container elementor-column-gap-default\">\n\t\t\t\t\t<div class=\"elementor-column elementor-col-50 elementor-inner-column elementor-element elementor-element-0eb9812\" data-id=\"0eb9812\" data-element_type=\"column\" data-e-type=\"column\">\n\t\t\t<div class=\"elementor-widget-wrap elementor-element-populated\">\n\t\t\t\t\t\t<div class=\"elementor-element elementor-element-f563b84 elementor-widget elementor-widget-bdt-lottie-image\" data-id=\"f563b84\" data-element_type=\"widget\" data-e-type=\"widget\" data-settings=\"{&quot;caption_source&quot;:&quot;none&quot;,&quot;lottie_start_point&quot;:{&quot;unit&quot;:&quot;%&quot;,&quot;size&quot;:&quot;0&quot;,&quot;sizes&quot;:[]},&quot;lottie_end_point&quot;:{&quot;unit&quot;:&quot;%&quot;,&quot;size&quot;:&quot;100&quot;,&quot;sizes&quot;:[]}}\" data-widget_type=\"bdt-lottie-image.default\">\n\t\t\t\t<div class=\"elementor-widget-container\">\n\t\t\t\t\t\n      <div class=\"bdt-lottie-image\">\n\n          \n                        <div id=\"bdt-lottie-f563b84\" class=\"bdt-lottie-container\" data-settings=\"{&quot;loop&quot;:false,&quot;is_json_url&quot;:true,&quot;json_path&quot;:&quot;https:\\\/\\\/grupopatria.com.br\\\/site\\\/wp-content\\\/uploads\\\/2021\\\/04\\\/17-avatar-man-nodding-outline-edited.json&quot;,&quot;json_code&quot;:&quot;&quot;,&quot;view_type&quot;:&quot;pageload&quot;,&quot;speed&quot;:&quot;1&quot;,&quot;play_action&quot;:&quot;autoplay&quot;,&quot;start_point&quot;:0,&quot;end_point&quot;:&quot;100&quot;,&quot;lottie_renderer&quot;:&quot;svg&quot;}\"><\/div>\n              \n            \n      <\/div>\n\n\n        \t\t\t\t<\/div>\n\t\t\t\t<\/div>\n\t\t\t\t\t<\/div>\n\t\t<\/div>\n\t\t\t\t<div class=\"elementor-column elementor-col-50 elementor-inner-column elementor-element elementor-element-91795e2\" data-id=\"91795e2\" data-element_type=\"column\" data-e-type=\"column\">\n\t\t\t<div class=\"elementor-widget-wrap elementor-element-populated\">\n\t\t\t\t\t\t<div class=\"elementor-element elementor-element-ff95ad4 elementor-widget elementor-widget-text-editor\" data-id=\"ff95ad4\" data-element_type=\"widget\" data-e-type=\"widget\" data-widget_type=\"text-editor.default\">\n\t\t\t\t<div class=\"elementor-widget-container\">\n\t\t\t\t\t\t\t\t\t<p>Uma equipe profissional que atua com agilidade nos processos e garante maior produtividade e seguran\u00e7a<\/p>\t\t\t\t\t\t\t\t<\/div>\n\t\t\t\t<\/div>\n\t\t\t\t\t<\/div>\n\t\t<\/div>\n\t\t\t\t\t<\/div>\n\t\t<\/section>\n\t\t\t\t<section class=\"elementor-section elementor-inner-section elementor-element elementor-element-a1882ba elementor-section-content-middle elementor-section-boxed elementor-section-height-default elementor-section-height-default\" data-id=\"a1882ba\" data-element_type=\"section\" data-e-type=\"section\" data-settings=\"{&quot;background_background&quot;:&quot;classic&quot;}\">\n\t\t\t\t\t\t<div class=\"elementor-container elementor-column-gap-default\">\n\t\t\t\t\t<div class=\"elementor-column elementor-col-50 elementor-inner-column elementor-element elementor-element-ee40e1e\" data-id=\"ee40e1e\" data-element_type=\"column\" data-e-type=\"column\">\n\t\t\t<div class=\"elementor-widget-wrap elementor-element-populated\">\n\t\t\t\t\t\t<div class=\"elementor-element elementor-element-31c798f elementor-widget elementor-widget-bdt-lottie-image\" data-id=\"31c798f\" data-element_type=\"widget\" data-e-type=\"widget\" data-settings=\"{&quot;caption_source&quot;:&quot;none&quot;,&quot;lottie_start_point&quot;:{&quot;unit&quot;:&quot;%&quot;,&quot;size&quot;:&quot;0&quot;,&quot;sizes&quot;:[]},&quot;lottie_end_point&quot;:{&quot;unit&quot;:&quot;%&quot;,&quot;size&quot;:&quot;100&quot;,&quot;sizes&quot;:[]}}\" data-widget_type=\"bdt-lottie-image.default\">\n\t\t\t\t<div class=\"elementor-widget-container\">\n\t\t\t\t\t\n      <div class=\"bdt-lottie-image\">\n\n          \n                        <div id=\"bdt-lottie-31c798f\" class=\"bdt-lottie-container\" data-settings=\"{&quot;loop&quot;:false,&quot;is_json_url&quot;:true,&quot;json_path&quot;:&quot;https:\\\/\\\/grupopatria.com.br\\\/site\\\/wp-content\\\/uploads\\\/2021\\\/04\\\/lf30_editor_nvgded45.json&quot;,&quot;json_code&quot;:&quot;&quot;,&quot;view_type&quot;:&quot;pageload&quot;,&quot;speed&quot;:&quot;1&quot;,&quot;play_action&quot;:&quot;autoplay&quot;,&quot;start_point&quot;:0,&quot;end_point&quot;:&quot;100&quot;,&quot;lottie_renderer&quot;:&quot;svg&quot;}\"><\/div>\n              \n            \n      <\/div>\n\n\n        \t\t\t\t<\/div>\n\t\t\t\t<\/div>\n\t\t\t\t\t<\/div>\n\t\t<\/div>\n\t\t\t\t<div class=\"elementor-column elementor-col-50 elementor-inner-column elementor-element elementor-element-5d194b0\" data-id=\"5d194b0\" data-element_type=\"column\" data-e-type=\"column\">\n\t\t\t<div class=\"elementor-widget-wrap elementor-element-populated\">\n\t\t\t\t\t\t<div class=\"elementor-element elementor-element-a4eb869 elementor-widget elementor-widget-text-editor\" data-id=\"a4eb869\" data-element_type=\"widget\" data-e-type=\"widget\" data-widget_type=\"text-editor.default\">\n\t\t\t\t<div class=\"elementor-widget-container\">\n\t\t\t\t\t\t\t\t\t<p>Atendemos empresas p\u00fablicas e privadas com planos di\u00e1rios, semanais, quinzenais e mensais<\/p>\t\t\t\t\t\t\t\t<\/div>\n\t\t\t\t<\/div>\n\t\t\t\t\t<\/div>\n\t\t<\/div>\n\t\t\t\t\t<\/div>\n\t\t<\/section>\n\t\t\t\t\t<\/div>\n\t\t<\/div>\n\t\t\t\t<div class=\"elementor-column elementor-col-50 elementor-top-column elementor-element elementor-element-0677524\" data-id=\"0677524\" data-element_type=\"column\" data-e-type=\"column\">\n\t\t\t<div class=\"elementor-widget-wrap elementor-element-populated\">\n\t\t\t\t\t\t<div class=\"elementor-element elementor-element-929266f elementor-widget elementor-widget-image\" data-id=\"929266f\" data-element_type=\"widget\" data-e-type=\"widget\" data-widget_type=\"image.default\">\n\t\t\t\t<div class=\"elementor-widget-container\">\n\t\t\t\t\t\t\t\t\t\t\t\t\t\t\t<img fetchpriority=\"high\" decoding=\"async\" width=\"480\" height=\"553\" src=\"https:\/\/grupopatria.com.br\/site\/wp-content\/uploads\/2021\/06\/limpeza-480x553.png\" class=\"attachment-sydney-mas-thumb size-sydney-mas-thumb wp-image-2471\" alt=\"\" srcset=\"https:\/\/grupopatria.com.br\/site\/wp-content\/uploads\/2021\/06\/limpeza-480x553.png 480w, https:\/\/grupopatria.com.br\/site\/wp-content\/uploads\/2021\/06\/limpeza-260x300.png 260w, https:\/\/grupopatria.com.br\/site\/wp-content\/uploads\/2021\/06\/limpeza-230x265.png 230w, https:\/\/grupopatria.com.br\/site\/wp-content\/uploads\/2021\/06\/limpeza-350x403.png 350w, https:\/\/grupopatria.com.br\/site\/wp-content\/uploads\/2021\/06\/limpeza.png 592w\" sizes=\"(max-width: 480px) 100vw, 480px\" \/>\t\t\t\t\t\t\t\t\t\t\t\t\t\t\t<\/div>\n\t\t\t\t<\/div>\n\t\t\t\t\t<\/div>\n\t\t<\/div>\n\t\t\t\t\t<\/div>\n\t\t<\/section>\n\t\t\t\t<\/div>\n\t\t","protected":false},"excerpt":{"rendered":"<p>Limpeza profissional Cada vez mais necess\u00e1ria, a limpeza e conserva\u00e7\u00e3o s\u00e3o essenciais para a imagem dos ambientes e bem estar dos seus [&hellip;]<\/p>\n","protected":false},"author":1,"featured_media":0,"parent":0,"menu_order":0,"comment_status":"closed","ping_status":"closed","template":"elementor_header_footer","meta":{"footnotes":""},"class_list":["post-674","page","type-page","status-publish","hentry"],"_links":{"self":[{"href":"https:\/\/grupopatria.com.br\/site\/wp-json\/wp\/v2\/pages\/674","targetHints":{"allow":["GET"]}}],"collection":[{"href":"https:\/\/grupopatria.com.br\/site\/wp-json\/wp\/v2\/pages"}],"about":[{"href":"https:\/\/grupopatria.com.br\/site\/wp-json\/wp\/v2\/types\/page"}],"author":[{"embeddable":true,"href":"https:\/\/grupopatria.com.br\/site\/wp-json\/wp\/v2\/users\/1"}],"replies":[{"embeddable":true,"href":"https:\/\/grupopatria.com.br\/site\/wp-json\/wp\/v2\/comments?post=674"}],"version-history":[{"count":340,"href":"https:\/\/grupopatria.com.br\/site\/wp-json\/wp\/v2\/pages\/674\/revisions"}],"predecessor-version":[{"id":2492,"href":"https:\/\/grupopatria.com.br\/site\/wp-json\/wp\/v2\/pages\/674\/revisions\/2492"}],"wp:attachment":[{"href":"https:\/\/grupopatria.com.br\/site\/wp-json\/wp\/v2\/media?parent=674"}],"curies":[{"name":"wp","href":"https:\/\/api.w.org\/{rel}","templated":true}]}}